{"id":83,"date":"2023-01-14T12:33:41","date_gmt":"2023-01-14T12:33:41","guid":{"rendered":"https:\/\/ankiety.dc9.dev\/?page_id=83"},"modified":"2023-02-16T14:57:30","modified_gmt":"2023-02-16T14:57:30","slug":"strona-poczatkowa","status":"publish","type":"page","link":"https:\/\/ankiety.dc9.dev\/en\/","title":{"rendered":"Europejski Spis powszechny Kibic\u00f3w Pi\u0142karskich"},"content":{"rendered":"<h2 class=\"has-text-align-center wp-block-heading\">\u00a0<\/h2>\r\n<h2 class=\"has-text-align-center\">Witamy na stronie <strong>Europejskiego Spisu Powszechnego Kibic\u00f3w Pi\u0142karskich!<\/strong><\/h2>\r\n\r\n\r\n\r\n<p>Dzi\u0119kujemy za ch\u0119\u0107 udzia\u0142u w naszym badaniu. Poni\u017cej prezentujemy podstawowe informacje dotycz\u0105ce formularza ankietowego oraz sposobu przetwarzania przez nas informacji uzyskanych od respondent\u00f3w.<\/p>\r\n\r\n\r\n\r\n<p>Badanie przeprowadzane jest w przez <strong>Wydzia\u0142 Nauk Politycznych i Studi\u00f3w Mi\u0119dzynarodowych Uniwersytetu Warszawskiego<\/strong> w ramach grantu naukowego <strong>&#8222;Percepcja rywalizacji klubowych przez kibic\u00f3w pi\u0142karskich: analiza por\u00f3wnawcza pa\u0144stw Grupy Wyszehradzkiej (Polska, Czechy, W\u0119gry, S\u0142owacja)&#8221; <\/strong>finansowanego przez <strong>Narodowe Centrum Nauk<\/strong>i (2018\/30\/M\/HS6\/00866). Naszym celem jest zrozumienie w jaki spos\u00f3b kibice klub\u00f3w pi\u0142ki no\u017cnej m\u0119\u017cczyzn z Europy \u015arodkowo-Wschodniej okre\u015blaj\u0105 <strong>znaczenie poszczeg\u00f3lnych rywali<\/strong> oraz motywacji, kt\u00f3re towarzysz\u0105 ich wyborom.<\/p>\r\n\r\n\r\n\r\n<p>Udzia\u0142 w badaniu jest <strong>dobrowolny<\/strong> oraz <strong>anonimowy<\/strong>. Uzyskane wyniki zostan\u0105 wykorzystane do przygotowania publikacji naukowych, kt\u00f3re pomog\u0105 lepiej zrozumie\u0107 zjawisko <strong>rywalizacji pi\u0142karskich<\/strong>.<\/p>\r\n\r\n\r\n\r\n<p>Podczas wype\u0142niania ankiety zadamy pytania dotycz\u0105ce <strong>klubu pi\u0142karskiego, kt\u00f3remu kibicujesz<\/strong> oraz dru\u017cyn, kt\u00f3re postrzegasz jako <strong>najwa\u017cniejszych rywali Twojego klubu<\/strong>. \u015aredni czas wype\u0142nienia ankiety wynosi <strong>oko\u0142o 8 minut<\/strong>. Wype\u0142nianie ankiety mo\u017cna w ka\u017cdym momencie przerwa\u0107 poprzez <strong>zamkni\u0119cie strony<\/strong>. Aby Twoje odpowiedzi zosta\u0142y skutecznie zapisane w bazie danych, niezb\u0119dne jest klikni\u0119cie przycisku <strong>Prze\u015blij ankiet\u0119<\/strong> po udzieleniu odpowiedzi na wszystkie pytania.<\/p>\r\n\r\n\r\n\r\n<p>Na ko\u0144cu formularza zadamy pytania o <strong>Twoje podstawowe dane demograficzne<\/strong>, takie np. jak p\u0142e\u0107, wiek, wykszta\u0142cenie czy miejsce zamieszkania &#8211; dzi\u0119ki temu b\u0119dziemy mogli stworzy\u0107 <strong>map\u0119 rywalizacji pi\u0142karskich<\/strong> w Polsce i Czechach oraz na S\u0142owacji i W\u0119grzech. Dodatkowo zadamy kilka og\u00f3lnych pyta\u0144 o Twoje pogl\u0105dy <strong>spo\u0142eczno-polityczne<\/strong>.<\/p>\r\n\r\n\r\n\r\n<p>W trakcie badania <strong>nie zbieramy<\/strong> <strong>jakichkolwiek danych osobowych<\/strong> czy <strong>informacji<\/strong> <strong>umo\u017cliwiaj\u0105cych identyfikacj\u0119<\/strong> uczestnik\u00f3w ankiety. Po przes\u0142aniu swoich odpowiedzi ka\u017cda osoba uczestnicz\u0105ca w badaniu ma mo\u017cliwo\u015b\u0107 <strong>dobrowolnego udost\u0119pnienia swojego adresu e-mail<\/strong>, je\u017celi chcia\u0142aby w przysz\u0142o\u015bci wzi\u0105\u0107 udzia\u0142 w badaniu pog\u0142\u0119bionym na temat <strong>rywalizacji pi\u0142karskich<\/strong> realizowanych na <strong>Uniwersytecie Warszawskim<\/strong>.<\/p>\r\n\r\n\r\n\r\n<p>Kontakt z autorami badania jest mo\u017cliwy w j\u0119zyku polskim i angielskim pod adresem email: <strong><a href=\"mailto:football@uw.edu.pl\">football@uw.edu.pl<\/a><\/strong>.<\/p>\r\n\r\n\r\n\r\n\r\n\r\n\r\n\r\n\r\n<p>&nbsp;<\/p>\r\n\r\n\r\n\r\n<p>&nbsp;<\/p>","protected":false},"excerpt":{"rendered":"<p>\u00a0 Witamy na stronie Europejskiego Spisu Powszechnego Kibic\u00f3w Pi\u0142karskich! Dzi\u0119kujemy za ch\u0119\u0107 udzia\u0142u w naszym badaniu. Poni\u017cej prezentujemy podstawowe informacje dotycz\u0105ce formularza ankietowego oraz sposobu przetwarzania przez nas informacji uzyskanych od respondent\u00f3w. Badanie przeprowadzane jest w przez Wydzia\u0142 Nauk Politycznych i Studi\u00f3w Mi\u0119dzynarodowych Uniwersytetu Warszawskiego w ramach grantu naukowego &#8222;Percepcja rywalizacji klubowych przez kibic\u00f3w pi\u0142karskich: &hellip;<\/p>\n<p class=\"read-more\"> <a class=\"\" href=\"https:\/\/ankiety.dc9.dev\/en\/\"> <span class=\"screen-reader-text\">Europejski Spis powszechny Kibic\u00f3w Pi\u0142karskich<\/span> Read More &raquo;<\/a><\/p>","protected":false},"author":2,"featured_media":0,"parent":0,"menu_order":0,"comment_status":"closed","ping_status":"closed","template":"","meta":{"site-sidebar-layout":"default","site-content-layout":"default","ast-global-header-display":"","ast-main-header-display":"","ast-hfb-above-header-display":"","ast-hfb-below-header-display":"","ast-hfb-mobile-header-display":"","site-post-title":"disabled","ast-breadcrumbs-content":"","ast-featured-img":"","footer-sml-layout":"","theme-transparent-header-meta":"default","adv-header-id-meta":"","stick-header-meta":"","header-above-stick-meta":"","header-main-stick-meta":"","header-below-stick-meta":"","footnotes":""},"class_list":["post-83","page","type-page","status-publish","hentry"],"_links":{"self":[{"href":"https:\/\/ankiety.dc9.dev\/en\/wp-json\/wp\/v2\/pages\/83","targetHints":{"allow":["GET"]}}],"collection":[{"href":"https:\/\/ankiety.dc9.dev\/en\/wp-json\/wp\/v2\/pages"}],"about":[{"href":"https:\/\/ankiety.dc9.dev\/en\/wp-json\/wp\/v2\/types\/page"}],"author":[{"embeddable":true,"href":"https:\/\/ankiety.dc9.dev\/en\/wp-json\/wp\/v2\/users\/2"}],"replies":[{"embeddable":true,"href":"https:\/\/ankiety.dc9.dev\/en\/wp-json\/wp\/v2\/comments?post=83"}],"version-history":[{"count":24,"href":"https:\/\/ankiety.dc9.dev\/en\/wp-json\/wp\/v2\/pages\/83\/revisions"}],"predecessor-version":[{"id":183,"href":"https:\/\/ankiety.dc9.dev\/en\/wp-json\/wp\/v2\/pages\/83\/revisions\/183"}],"wp:attachment":[{"href":"https:\/\/ankiety.dc9.dev\/en\/wp-json\/wp\/v2\/media?parent=83"}],"curies":[{"name":"wp","href":"https:\/\/api.w.org\/{rel}","templated":true}]}}